{"id":9337,"date":"2024-06-10T11:07:07","date_gmt":"2024-06-10T15:07:07","guid":{"rendered":"https:\/\/www.pacificoresearch.com\/testpr\/?page_id=9337"},"modified":"2024-08-13T13:11:38","modified_gmt":"2024-08-13T17:11:38","slug":"iniciar-sesion","status":"publish","type":"page","link":"https:\/\/www.pacificoresearch.com\/en\/iniciar-sesion\/","title":{"rendered":"Iniciar Sesion"},"content":{"rendered":"\t\t<div data-elementor-type=\"wp-page\" data-elementor-id=\"9337\" class=\"elementor elementor-9337\" data-elementor-post-type=\"page\">\n\t\t\t\t\t\t<section class=\"elementor-section elementor-top-section elementor-element elementor-element-bfddfaf elementor-section-height-min-height elementor-section-boxed elementor-section-height-default elementor-section-items-middle\" data-id=\"bfddfaf\" data-element_type=\"section\" data-e-type=\"section\" data-settings=\"{&quot;background_background&quot;:&quot;gradient&quot;}\">\n\t\t\t\t\t\t<div class=\"elementor-container elementor-column-gap-default\">\n\t\t\t\t\t<div class=\"elementor-column elementor-col-100 elementor-top-column elementor-element elementor-element-a1e9ab9\" data-id=\"a1e9ab9\" data-element_type=\"column\" data-e-type=\"column\">\n\t\t\t<div class=\"elementor-widget-wrap elementor-element-populated\">\n\t\t\t\t\t\t<div class=\"elementor-element elementor-element-954f963 elementor-widget elementor-widget-image\" data-id=\"954f963\" data-element_type=\"widget\" data-e-type=\"widget\" data-widget_type=\"image.default\">\n\t\t\t\t<div class=\"elementor-widget-container\">\n\t\t\t\t\t\t\t\t\t\t\t\t\t\t\t\t<a href=\"https:\/\/www.pacificoresearch.com\/en\">\n\t\t\t\t\t\t\t<img decoding=\"async\" width=\"400\" height=\"108\" src=\"https:\/\/www.pacificoresearch.com\/wp-content\/uploads\/2020\/12\/light-logo.png\" class=\"attachment-full size-full wp-image-1268\" alt=\"logo de pac\u00edfico research blanco\" srcset=\"https:\/\/www.pacificoresearch.com\/wp-content\/uploads\/2020\/12\/light-logo.png 400w, https:\/\/www.pacificoresearch.com\/wp-content\/uploads\/2020\/12\/light-logo-300x81.png 300w\" sizes=\"(max-width: 400px) 100vw, 400px\" \/>\t\t\t\t\t\t\t\t<\/a>\n\t\t\t\t\t\t\t\t\t\t\t\t\t\t\t<\/div>\n\t\t\t\t<\/div>\n\t\t\t\t<div class=\"elementor-element elementor-element-841a21e elementor-widget elementor-widget-eael-login-register\" data-id=\"841a21e\" data-element_type=\"widget\" data-e-type=\"widget\" data-widget_type=\"eael-login-register.default\">\n\t\t\t\t<div class=\"elementor-widget-container\">\n\t\t\t\t\t        <div class=\"eael-login-registration-wrapper \"\n             data-is-ajax=\"\"\n             data-widget-id=\"841a21e\"\n             data-page-id=\"9337\"\n             data-recaptcha-sitekey=\"\"\n\t\t\t data-recaptcha-sitekey-v3=\"\"\n\t\t\t data-login-recaptcha-version=\"v2\"\n\t\t\t data-register-recaptcha-version=\"v2\"\n\t\t\t data-lostpassword-recaptcha-version=\"v2\"\n             data-redirect-to=\"https:\/\/www.pacificoresearch.com\/dash-private-users\"\n             data-resetpassword-redirect-to=\"\"\n        >\n\t\t\t            <section id=\"eael-login-form-wrapper\" class=\"\" data-recaptcha-theme=\"light\" data-recaptcha-size=\"normal\">\n                <div class=\"eael-login-form-wrapper eael-lr-form-wrapper style-2 \">\n\t\t\t\t\t                        <div class=\"lr-form-wrapper\">\n\t\t\t\t\t\t\t        <div class=\"lr-form-header header-left\">\n\t\t\t\n\t\t\t                <div class=\"form-dsc\">\n\t\t\t\t\t<h4>INICIAR SESION<\/h4>                <\/div>\n\t\t\t        <\/div>\n\t\t\t\t\t\t\t\t\t                            <form class=\"eael-login-form eael-lr-form\"\n                                  id=\"eael-login-form\"\n                                  method=\"post\">\n\t\t\t\t\t\t\t\t                                <div class=\"eael-lr-form-group eael-user-login\">\n\t\t\t\t\t\t\t\t\t                                    <input type=\"text\"\n                                           name=\"eael-user-login\"\n                                           id=\"eael-user-login\"\n                                           class=\"eael-lr-form-control\"\n                                           placeholder=\"Nombre de usuario o direcci\u00f3n de correo electr\u00f3nico\"\n                                           required autocomplete=\"username email\">\n\t\t\t\t\t\t\t\t\t                                <\/div>\n                                <div class=\"eael-lr-form-group eael-user-password\">\n\t\t\t\t\t\t\t\t\t                                    <div class=\"eael-lr-password-wrapper\">\n                                        <input type=\"password\"\n                                               name=\"eael-user-password\"\n                                               class=\"eael-lr-form-control\"\n                                               id=\"eael-user-password\"\n                                               placeholder=\"Contrase\u00f1a\"\n                                               required autocomplete=\"current-password\">\n\t\t\t\t\t\t\t\t\t\t                                            <button type=\"button\"\n                                                    id=\"wp-hide-pw\"\n                                                    class=\"wp-hide-pw hide-if-no-js\"\n                                                    aria-label=\"Show password\">\n                                                <span class=\"dashicons dashicons-visibility\"\n                                                      aria-hidden=\"true\"><\/span>\n                                            <\/button>\n\t\t\t\t\t\t\t\t\t\t\t\t\t\t\t\t\t\t\t\t                                    <\/div>\n                                <\/div>\n                                <div class=\"eael-forever-forget eael-lr-form-group\">\n\t\t\t\t\t\t\t\t\t                                        <p class=\"forget-menot\">\n                                            <input name=\"eael-rememberme\" type=\"checkbox\" id=\"rememberme\"  class=\"remember-me lr-checkbox\" value=\"forever\">\n                                            <label for=\"rememberme\" class=\"eael-checkbox-label rememberme\">Recu\u00e9rdame<\/label>\n                                        <\/p>\n\t\t\t\t\t\t\t\t\t<p class=\"forget-pass\"><a href=\"https:\/\/www.pacificoresearch.com\/wp-login.php?action=lostpassword\">\u00bfHas olvidado la contrase\u00f1a?<\/a><\/p>\n                                <\/div>\n\n\t\t\t\t\t\t\t\t\n\n                                <div class=\"eael-lr-footer\">\n\t\t\t\t\t\t\t\t\t<div class=\"eael-lr-form-loader-wrapper\">\n\t\t\t\t\t\t\t\t\t\t<button type=\"submit\" name=\"eael-login-submit\" id=\"eael-login-submit\" class=\"g-recaptcha eael-lr-btn eael-lr-btn-block \">\n\t\t\t\t\t\t\t\t\t\t\tAcceder\t\t\t\t\t\t\t\t\t\t<\/button>\n\t\t\t\t\t\t\t\t\t\t\n\t\t\t\t\t\t\t\t\t\t\n\t\t\t\t\t\t\t\t\t<\/div>\n\t\t\t\t\t\t\t\t\t\n                                <\/div>\n\t\t\t\t\t\t\t\t<div class=\"eael-form-validation-container\"><\/div>                <input type=\"hidden\"\n                       name=\"redirect_to\"\n                       value=\"https:\/\/www.pacificoresearch.com\/dash-private-users\">\n\t\t\t\t\t\t\t\t\t<input type=\"hidden\"\n\t\t\t\t\t\t\tname=\"redirect_to_administrator\"\n\t\t\t\t\t\t\tvalue=\"\">\n\t\t\t\t\t\t\t\t\t\t\t\t<input type=\"hidden\"\n\t\t\t\t\t\t\tname=\"redirect_to_editor\"\n\t\t\t\t\t\t\tvalue=\"\">\n\t\t\t\t\t\t\t\t\t\t\t\t<input type=\"hidden\"\n\t\t\t\t\t\t\tname=\"redirect_to_author\"\n\t\t\t\t\t\t\tvalue=\"\">\n\t\t\t\t\t\t\t\t\t\t\t\t<input type=\"hidden\"\n\t\t\t\t\t\t\tname=\"redirect_to_contributor\"\n\t\t\t\t\t\t\tvalue=\"\">\n\t\t\t\t\t\t\t\t\t\t\t\t<input type=\"hidden\"\n\t\t\t\t\t\t\tname=\"redirect_to_subscriber\"\n\t\t\t\t\t\t\tvalue=\"\">\n\t\t\t\t\t\t\t\t\t\t\t\t<input type=\"hidden\"\n\t\t\t\t\t\t\tname=\"redirect_to_plan_basico\"\n\t\t\t\t\t\t\tvalue=\"\">\n\t\t\t\t\t\t\t\t\t\t\t\t<input type=\"hidden\"\n\t\t\t\t\t\t\tname=\"redirect_to_plan_pro\"\n\t\t\t\t\t\t\tvalue=\"\">\n\t\t\t\t\t\t\t\t\t\t\t\t<input type=\"hidden\"\n\t\t\t\t\t\t\tname=\"redirect_to_afp_capital\"\n\t\t\t\t\t\t\tvalue=\"\">\n\t\t\t\t\t\t\t\t\t\t\t\t<input type=\"hidden\"\n\t\t\t\t\t\t\tname=\"redirect_to_banco_estado\"\n\t\t\t\t\t\t\tvalue=\"\">\n\t\t\t\t\t\t\t\t\t\t\t\t<input type=\"hidden\"\n\t\t\t\t\t\t\tname=\"redirect_to_hsbc\"\n\t\t\t\t\t\t\tvalue=\"\">\n\t\t\t\t\t\t\t\t\t\t\t\t<input type=\"hidden\"\n\t\t\t\t\t\t\tname=\"redirect_to_coopeuch\"\n\t\t\t\t\t\t\tvalue=\"\">\n\t\t\t\t\t\t\t\t\t\t\t\t<input type=\"hidden\"\n\t\t\t\t\t\t\tname=\"redirect_to_international\"\n\t\t\t\t\t\t\tvalue=\"\">\n\t\t\t\t\t\t\t\t\t\t\t\t<input type=\"hidden\"\n\t\t\t\t\t\t\tname=\"redirect_to_jp_morgan\"\n\t\t\t\t\t\t\tvalue=\"\">\n\t\t\t\t\t\t\t\t\t\t\t\t<input type=\"hidden\"\n\t\t\t\t\t\t\tname=\"redirect_to_bci\"\n\t\t\t\t\t\t\tvalue=\"\">\n\t\t\t\t\t\t\t\t\t\t\t\t<input type=\"hidden\"\n\t\t\t\t\t\t\tname=\"redirect_to_megevefarcap\"\n\t\t\t\t\t\t\tvalue=\"\">\n\t\t\t\t\t\t\t\t\t\t\t\t<input type=\"hidden\"\n\t\t\t\t\t\t\tname=\"redirect_to_bofa\"\n\t\t\t\t\t\t\tvalue=\"\">\n\t\t\t\t\t\t\t\t\t\t\t\t<input type=\"hidden\"\n\t\t\t\t\t\t\tname=\"redirect_to_scotiabank\"\n\t\t\t\t\t\t\tvalue=\"\">\n\t\t\t\t\t\t\t\t\t\t\t\t<input type=\"hidden\"\n\t\t\t\t\t\t\tname=\"redirect_to_goldman_sachs\"\n\t\t\t\t\t\t\tvalue=\"\">\n\t\t\t\t\t\t\t\t\t\t\t\t<input type=\"hidden\"\n\t\t\t\t\t\t\tname=\"redirect_to_prenaxciti\"\n\t\t\t\t\t\t\tvalue=\"\">\n\t\t\t\t\t\t\t\t\t\t\t\t<input type=\"hidden\"\n\t\t\t\t\t\t\tname=\"redirect_to_bnp_paribas\"\n\t\t\t\t\t\t\tvalue=\"\">\n\t\t\t\t\t\t\t\t\t\t\t\t<input type=\"hidden\"\n\t\t\t\t\t\t\tname=\"redirect_to_mbi__3_ffmm_\"\n\t\t\t\t\t\t\tvalue=\"\">\n\t\t\t\t\t\t\t\t\t\t\t\t<input type=\"hidden\"\n\t\t\t\t\t\t\tname=\"redirect_to_banco_de_chile\"\n\t\t\t\t\t\t\tvalue=\"\">\n\t\t\t\t\t\t\t\t\t\t\t\t<input type=\"hidden\"\n\t\t\t\t\t\t\tname=\"redirect_to_quienco\"\n\t\t\t\t\t\t\tvalue=\"\">\n\t\t\t\t\t\t\t\t\t\t\t\t<input type=\"hidden\"\n\t\t\t\t\t\t\tname=\"redirect_to_en_ingles\"\n\t\t\t\t\t\t\tvalue=\"https:\/\/www.pacificoresearch.com\/en\/dash-private-users\/\">\n\t\t\t\t\t\t\t\t\t\t\t\t<input type=\"hidden\"\n\t\t\t\t\t\t\tname=\"redirect_to_inactivos\"\n\t\t\t\t\t\t\tvalue=\"https:\/\/www.pacificoresearch.com\/productos\">\n\t\t\t\t\t\t<input type=\"hidden\" id=\"eael-login-nonce\" name=\"eael-login-nonce\" value=\"db835bf847\" \/><input type=\"hidden\" name=\"_wp_http_referer\" value=\"\/en\/wp-json\/wp\/v2\/pages\/9337\" \/>        <input type=\"hidden\"\n               name=\"page_id\"\n               value=\"9337\">\n\t\t<input type=\"hidden\"\n               name=\"page_id_for_popup\"\n               value=\"9337\">\t   \n\t\t<input type=\"hidden\"\n               name=\"resetpassword_in_popup_selector\"\n               value=\"\">\n        <input type=\"hidden\"\n               name=\"widget_id\"\n               value=\"841a21e\">\n\t\t                            <\/form>\n\t\t\t\t\t\t\t                        <\/div>\n\t\t\t\t\t\t                <\/div>\n\n            <\/section>\n\n\t\t\t<script>\n\t\t\t\tjQuery(document).ready(function($){\n\t\t\t\t\tvar eael_get_login_status = localStorage.getItem( 'eael-is-login-form' );\n\t\t\t\t\tif( eael_get_login_status === 'true' ) {\n\t\t\t\t\t\tsetTimeout(function() {\n\t\t\t\t\t\t\tvar button = jQuery('[eael-login=\"yes\"]');\n\t\t\t\t\t\t\tif( ! button.hasClass('eael-clicked') ) {\n\t\t\t\t\t\t\t\tbutton.trigger('click').addClass('eael-clicked');\n\t\t\t\t\t\t\t}\n\t\t\t\t\t\t}, 100);\n\n\t\t\t\t\t\tsetTimeout(function() {\n\t\t\t\t\t\t\tjQuery('[eael-login=\"yes\"]').removeClass('eael-clicked')\n\t\t\t\t\t\t}, 500);\n\t\t\t\t\t}\n\t\t\t\t});\n\t\t\t<\/script>\n\t\t\t            <section\n                    id=\"eael-lostpassword-form-wrapper\"\n                    class=\"eael-lr-d-none\"\n\t\t\t\t\tdata-recaptcha-theme=\"light\"\n                    data-recaptcha-size=\"normal\"\n                    >\n                <div class=\"eael-lostpassword-form-wrapper eael-lr-form-wrapper style-2 \">\n\t\t\t\t\t\t\t\t\t\t<div class=\"lr-form-wrapper\">\n\t\t\t\t\t\t\t\t\t\t\t\t\t\t\t\t\t\t<form class=\"eael-lostpassword-form eael-lr-form\" id=\"eael-lostpassword-form\" method=\"post\">\n\t\t\t\t\t\t\t\t\t\t\t\t\t\t<div class=\"eael-lr-form-group \">\n\t\t\t\t\t\t\t\t<label for=\"eael-user-lostpassword\" class=\"eael-field-label\">Username or Email Address<\/label>\t\t\t\t\t\t\t\t<input type=\"text\" name=\"eael-user-lostpassword\" id=\"eael-user-lostpassword\" class=\"eael-lr-form-control\" placeholder=\"Username or Email Address\" required>\n\t\t\t\t\t\t\t\t\t\t\t\t\t\t\t<\/div>\n\n\t\t\t\t\t\t\t\n\t\t\t\t\t\t\t<div class=\"eael-lr-footer\">\n\t\t\t\t\t\t\t\t<button type=\"submit\" name=\"eael-lostpassword-submit\" id=\"eael-lostpassword-submit\" class=\"g-recaptcha eael-lr-btn eael-lr-btn-block   \">Restablecer la contrase\u00f1a<\/button>\n\t\t\t\t\t\t\t\t\t\t\t\t\t\t\t\t\t<div class=\"eael-sign-wrapper \">\n\t\t\t\t\t\t\t\t\t\t<span class=\"d-ib\"> <\/span> <a href=\"\" id=\"eael-lr-login-toggle-lostpassword\" class=\"eael-lr-link\" data-action=\"form\">Reg\u00edstrate<\/a>\t\t\t\t\t\t\t\t\t<\/div>\n\t\t\t\t\t\t\t\t\n\t\t\t\t\t\t\t<\/div>\n\t\t\t\t\t\t\t<div class=\"eael-form-validation-container\"><\/div><input type=\"hidden\" id=\"eael-lostpassword-nonce\" name=\"eael-lostpassword-nonce\" value=\"1bf52492bf\" \/><input type=\"hidden\" name=\"_wp_http_referer\" value=\"\/en\/wp-json\/wp\/v2\/pages\/9337\" \/>        <input type=\"hidden\"\n               name=\"page_id\"\n               value=\"9337\">\n\t\t<input type=\"hidden\"\n               name=\"page_id_for_popup\"\n               value=\"9337\">\t   \n\t\t<input type=\"hidden\"\n               name=\"resetpassword_in_popup_selector\"\n               value=\"\">\n        <input type=\"hidden\"\n               name=\"widget_id\"\n               value=\"841a21e\">\n\t\t\t\t\t\t\t\t<\/form>\n\t\t\t\t\t\t\t\t\t\t\t<\/div>\n\t\t\t\t\t                <\/div>\n\n            <\/section>\n\t\t\t        <\/div>\n\n\t\t\t\t\t\t<\/div>\n\t\t\t\t<\/div>\n\t\t\t\t\t<\/div>\n\t\t<\/div>\n\t\t\t\t\t<\/div>\n\t\t<\/section>\n\t\t\t\t<\/div>\n\t\t","protected":false},"excerpt":{"rendered":"<p>Ya est\u00e1s conectado como admin. (Salir) Nombre de usuario o direcci\u00f3n de correo electr\u00f3nico Reg\u00edstrate<\/p>","protected":false},"author":1,"featured_media":0,"parent":0,"menu_order":0,"comment_status":"closed","ping_status":"closed","template":"","meta":{"_acf_changed":false,"footnotes":""},"class_list":["post-9337","page","type-page","status-publish","hentry"],"acf":[],"yoast_head":"<!-- This site is optimized with the Yoast SEO plugin v27.4 - https:\/\/yoast.com\/product\/yoast-seo-wordpress\/ -->\n<title>Iniciar Sesion &#183; Pacifico Research<\/title>\n<meta name=\"description\" content=\"Nuestra principal premisa es que la combinaci\u00f3n de un enfoque cient\u00edfico y el juicio de expertos es la mejor manera de contribuir a generar retornos y comprender los riesgos.\" \/>\n<meta name=\"robots\" content=\"index, follow, max-snippet:-1, max-image-preview:large, max-video-preview:-1\" \/>\n<link rel=\"canonical\" href=\"https:\/\/www.pacificoresearch.com\/en\/iniciar-sesion\/\" \/>\n<meta property=\"og:locale\" content=\"en_US\" \/>\n<meta property=\"og:type\" content=\"article\" \/>\n<meta property=\"og:title\" content=\"Iniciar Sesion &#183; Pacifico Research\" \/>\n<meta property=\"og:description\" content=\"Nuestra principal premisa es que la combinaci\u00f3n de un enfoque cient\u00edfico y el juicio de expertos es la mejor manera de contribuir a generar retornos y comprender los riesgos.\" \/>\n<meta property=\"og:url\" content=\"https:\/\/www.pacificoresearch.com\/en\/iniciar-sesion\/\" \/>\n<meta property=\"og:site_name\" content=\"Pacifico Research\" \/>\n<meta property=\"article:modified_time\" content=\"2024-08-13T17:11:38+00:00\" \/>\n<meta property=\"og:image\" content=\"https:\/\/www.pacificoresearch.com\/wp-content\/uploads\/2020\/12\/light-logo.png\" \/>\n<meta name=\"twitter:card\" content=\"summary_large_image\" \/>\n<meta name=\"twitter:label1\" content=\"Est. reading time\" \/>\n\t<meta name=\"twitter:data1\" content=\"1 minute\" \/>\n<script type=\"application\/ld+json\" class=\"yoast-schema-graph\">{\"@context\":\"https:\\\/\\\/schema.org\",\"@graph\":[{\"@type\":\"WebPage\",\"@id\":\"https:\\\/\\\/www.pacificoresearch.com\\\/iniciar-sesion\\\/\",\"url\":\"https:\\\/\\\/www.pacificoresearch.com\\\/iniciar-sesion\\\/\",\"name\":\"Iniciar Sesion &#183; Pacifico Research\",\"isPartOf\":{\"@id\":\"https:\\\/\\\/www.pacificoresearch.com\\\/#website\"},\"primaryImageOfPage\":{\"@id\":\"https:\\\/\\\/www.pacificoresearch.com\\\/iniciar-sesion\\\/#primaryimage\"},\"image\":{\"@id\":\"https:\\\/\\\/www.pacificoresearch.com\\\/iniciar-sesion\\\/#primaryimage\"},\"thumbnailUrl\":\"https:\\\/\\\/www.pacificoresearch.com\\\/wp-content\\\/uploads\\\/2020\\\/12\\\/light-logo.png\",\"datePublished\":\"2024-06-10T15:07:07+00:00\",\"dateModified\":\"2024-08-13T17:11:38+00:00\",\"description\":\"Nuestra principal premisa es que la combinaci\u00f3n de un enfoque cient\u00edfico y el juicio de expertos es la mejor manera de contribuir a generar retornos y comprender los riesgos.\",\"breadcrumb\":{\"@id\":\"https:\\\/\\\/www.pacificoresearch.com\\\/iniciar-sesion\\\/#breadcrumb\"},\"inLanguage\":\"en-US\",\"potentialAction\":[{\"@type\":\"ReadAction\",\"target\":[\"https:\\\/\\\/www.pacificoresearch.com\\\/iniciar-sesion\\\/\"]}]},{\"@type\":\"ImageObject\",\"inLanguage\":\"en-US\",\"@id\":\"https:\\\/\\\/www.pacificoresearch.com\\\/iniciar-sesion\\\/#primaryimage\",\"url\":\"https:\\\/\\\/www.pacificoresearch.com\\\/wp-content\\\/uploads\\\/2020\\\/12\\\/light-logo.png\",\"contentUrl\":\"https:\\\/\\\/www.pacificoresearch.com\\\/wp-content\\\/uploads\\\/2020\\\/12\\\/light-logo.png\"},{\"@type\":\"BreadcrumbList\",\"@id\":\"https:\\\/\\\/www.pacificoresearch.com\\\/iniciar-sesion\\\/#breadcrumb\",\"itemListElement\":[{\"@type\":\"ListItem\",\"position\":1,\"name\":\"Portada\",\"item\":\"https:\\\/\\\/www.pacificoresearch.com\\\/\"},{\"@type\":\"ListItem\",\"position\":2,\"name\":\"Iniciar Sesion\"}]},{\"@type\":\"WebSite\",\"@id\":\"https:\\\/\\\/www.pacificoresearch.com\\\/#website\",\"url\":\"https:\\\/\\\/www.pacificoresearch.com\\\/\",\"name\":\"Pacifico Research\",\"description\":\"Hacemos an\u00e1lisis de coyuntura de los principales datos y eventos macroecon\u00f3micos\",\"publisher\":{\"@id\":\"https:\\\/\\\/www.pacificoresearch.com\\\/#organization\"},\"potentialAction\":[{\"@type\":\"SearchAction\",\"target\":{\"@type\":\"EntryPoint\",\"urlTemplate\":\"https:\\\/\\\/www.pacificoresearch.com\\\/?s={search_term_string}\"},\"query-input\":{\"@type\":\"PropertyValueSpecification\",\"valueRequired\":true,\"valueName\":\"search_term_string\"}}],\"inLanguage\":\"en-US\"},{\"@type\":\"Organization\",\"@id\":\"https:\\\/\\\/www.pacificoresearch.com\\\/#organization\",\"name\":\"Pac\u00edfico Research\",\"url\":\"https:\\\/\\\/www.pacificoresearch.com\\\/\",\"logo\":{\"@type\":\"ImageObject\",\"inLanguage\":\"en-US\",\"@id\":\"https:\\\/\\\/www.pacificoresearch.com\\\/#\\\/schema\\\/logo\\\/image\\\/\",\"url\":\"http:\\\/\\\/52.40.128.194\\\/wp-content\\\/uploads\\\/2021\\\/02\\\/Logo-Pacifico-Research.jpg\",\"contentUrl\":\"http:\\\/\\\/52.40.128.194\\\/wp-content\\\/uploads\\\/2021\\\/02\\\/Logo-Pacifico-Research.jpg\",\"width\":1549,\"height\":685,\"caption\":\"Pac\u00edfico Research\"},\"image\":{\"@id\":\"https:\\\/\\\/www.pacificoresearch.com\\\/#\\\/schema\\\/logo\\\/image\\\/\"}}]}<\/script>\n<!-- \/ Yoast SEO plugin. -->","yoast_head_json":{"title":"Iniciar Sesion &#183; Pacifico Research","description":"Nuestra principal premisa es que la combinaci\u00f3n de un enfoque cient\u00edfico y el juicio de expertos es la mejor manera de contribuir a generar retornos y comprender los riesgos.","robots":{"index":"index","follow":"follow","max-snippet":"max-snippet:-1","max-image-preview":"max-image-preview:large","max-video-preview":"max-video-preview:-1"},"canonical":"https:\/\/www.pacificoresearch.com\/en\/iniciar-sesion\/","og_locale":"en_US","og_type":"article","og_title":"Iniciar Sesion &#183; Pacifico Research","og_description":"Nuestra principal premisa es que la combinaci\u00f3n de un enfoque cient\u00edfico y el juicio de expertos es la mejor manera de contribuir a generar retornos y comprender los riesgos.","og_url":"https:\/\/www.pacificoresearch.com\/en\/iniciar-sesion\/","og_site_name":"Pacifico Research","article_modified_time":"2024-08-13T17:11:38+00:00","og_image":[{"url":"https:\/\/www.pacificoresearch.com\/wp-content\/uploads\/2020\/12\/light-logo.png","type":"","width":"","height":""}],"twitter_card":"summary_large_image","twitter_misc":{"Est. reading time":"1 minute"},"schema":{"@context":"https:\/\/schema.org","@graph":[{"@type":"WebPage","@id":"https:\/\/www.pacificoresearch.com\/iniciar-sesion\/","url":"https:\/\/www.pacificoresearch.com\/iniciar-sesion\/","name":"Iniciar Sesion &#183; Pacifico Research","isPartOf":{"@id":"https:\/\/www.pacificoresearch.com\/#website"},"primaryImageOfPage":{"@id":"https:\/\/www.pacificoresearch.com\/iniciar-sesion\/#primaryimage"},"image":{"@id":"https:\/\/www.pacificoresearch.com\/iniciar-sesion\/#primaryimage"},"thumbnailUrl":"https:\/\/www.pacificoresearch.com\/wp-content\/uploads\/2020\/12\/light-logo.png","datePublished":"2024-06-10T15:07:07+00:00","dateModified":"2024-08-13T17:11:38+00:00","description":"Nuestra principal premisa es que la combinaci\u00f3n de un enfoque cient\u00edfico y el juicio de expertos es la mejor manera de contribuir a generar retornos y comprender los riesgos.","breadcrumb":{"@id":"https:\/\/www.pacificoresearch.com\/iniciar-sesion\/#breadcrumb"},"inLanguage":"en-US","potentialAction":[{"@type":"ReadAction","target":["https:\/\/www.pacificoresearch.com\/iniciar-sesion\/"]}]},{"@type":"ImageObject","inLanguage":"en-US","@id":"https:\/\/www.pacificoresearch.com\/iniciar-sesion\/#primaryimage","url":"https:\/\/www.pacificoresearch.com\/wp-content\/uploads\/2020\/12\/light-logo.png","contentUrl":"https:\/\/www.pacificoresearch.com\/wp-content\/uploads\/2020\/12\/light-logo.png"},{"@type":"BreadcrumbList","@id":"https:\/\/www.pacificoresearch.com\/iniciar-sesion\/#breadcrumb","itemListElement":[{"@type":"ListItem","position":1,"name":"Portada","item":"https:\/\/www.pacificoresearch.com\/"},{"@type":"ListItem","position":2,"name":"Iniciar Sesion"}]},{"@type":"WebSite","@id":"https:\/\/www.pacificoresearch.com\/#website","url":"https:\/\/www.pacificoresearch.com\/","name":"Pacifico Research","description":"Hacemos an\u00e1lisis de coyuntura de los principales datos y eventos macroecon\u00f3micos","publisher":{"@id":"https:\/\/www.pacificoresearch.com\/#organization"},"potentialAction":[{"@type":"SearchAction","target":{"@type":"EntryPoint","urlTemplate":"https:\/\/www.pacificoresearch.com\/?s={search_term_string}"},"query-input":{"@type":"PropertyValueSpecification","valueRequired":true,"valueName":"search_term_string"}}],"inLanguage":"en-US"},{"@type":"Organization","@id":"https:\/\/www.pacificoresearch.com\/#organization","name":"Pac\u00edfico Research","url":"https:\/\/www.pacificoresearch.com\/","logo":{"@type":"ImageObject","inLanguage":"en-US","@id":"https:\/\/www.pacificoresearch.com\/#\/schema\/logo\/image\/","url":"http:\/\/52.40.128.194\/wp-content\/uploads\/2021\/02\/Logo-Pacifico-Research.jpg","contentUrl":"http:\/\/52.40.128.194\/wp-content\/uploads\/2021\/02\/Logo-Pacifico-Research.jpg","width":1549,"height":685,"caption":"Pac\u00edfico Research"},"image":{"@id":"https:\/\/www.pacificoresearch.com\/#\/schema\/logo\/image\/"}}]}},"_links":{"self":[{"href":"https:\/\/www.pacificoresearch.com\/en\/wp-json\/wp\/v2\/pages\/9337","targetHints":{"allow":["GET"]}}],"collection":[{"href":"https:\/\/www.pacificoresearch.com\/en\/wp-json\/wp\/v2\/pages"}],"about":[{"href":"https:\/\/www.pacificoresearch.com\/en\/wp-json\/wp\/v2\/types\/page"}],"author":[{"embeddable":true,"href":"https:\/\/www.pacificoresearch.com\/en\/wp-json\/wp\/v2\/users\/1"}],"replies":[{"embeddable":true,"href":"https:\/\/www.pacificoresearch.com\/en\/wp-json\/wp\/v2\/comments?post=9337"}],"version-history":[{"count":205,"href":"https:\/\/www.pacificoresearch.com\/en\/wp-json\/wp\/v2\/pages\/9337\/revisions"}],"predecessor-version":[{"id":10518,"href":"https:\/\/www.pacificoresearch.com\/en\/wp-json\/wp\/v2\/pages\/9337\/revisions\/10518"}],"wp:attachment":[{"href":"https:\/\/www.pacificoresearch.com\/en\/wp-json\/wp\/v2\/media?parent=9337"}],"curies":[{"name":"wp","href":"https:\/\/api.w.org\/{rel}","templated":true}]}}