{"id":1372,"date":"2020-12-29T14:48:52","date_gmt":"2020-12-29T17:48:52","guid":{"rendered":"http:\/\/52.40.128.194\/?page_id=1372"},"modified":"2024-11-13T19:10:17","modified_gmt":"2024-11-13T22:10:17","slug":"conoce-nuestro-analisis-macroeconomico","status":"publish","type":"page","link":"https:\/\/www.pacificoresearch.com\/en\/conoce-nuestro-analisis-macroeconomico\/","title":{"rendered":"Conoce Nuestro An\u00e1lisis"},"content":{"rendered":"\t\t<div data-elementor-type=\"wp-page\" data-elementor-id=\"1372\" class=\"elementor elementor-1372\" data-elementor-post-type=\"page\">\n\t\t\t\t\t\t<section class=\"elementor-section elementor-top-section elementor-element elementor-element-710d8d2 elementor-section-boxed elementor-section-height-default elementor-section-height-default\" data-id=\"710d8d2\" data-element_type=\"section\" data-e-type=\"section\" data-settings=\"{&quot;background_background&quot;:&quot;classic&quot;}\">\n\t\t\t\t\t\t<div class=\"elementor-container elementor-column-gap-default\">\n\t\t\t\t\t<div class=\"elementor-column elementor-col-100 elementor-top-column elementor-element elementor-element-e591faa\" data-id=\"e591faa\" data-element_type=\"column\" data-e-type=\"column\">\n\t\t\t<div class=\"elementor-widget-wrap elementor-element-populated\">\n\t\t\t\t\t\t<section class=\"elementor-section elementor-inner-section elementor-element elementor-element-452131a elementor-section-boxed elementor-section-height-default elementor-section-height-default\" data-id=\"452131a\" data-element_type=\"section\" data-e-type=\"section\">\n\t\t\t\t\t\t<div class=\"elementor-container elementor-column-gap-default\">\n\t\t\t\t\t<div class=\"elementor-column elementor-col-50 elementor-inner-column elementor-element elementor-element-88d12e5\" data-id=\"88d12e5\" data-element_type=\"column\" data-e-type=\"column\">\n\t\t\t<div class=\"elementor-widget-wrap elementor-element-populated\">\n\t\t\t\t\t\t<div class=\"elementor-element elementor-element-2debefc elementor-widget elementor-widget-heading\" data-id=\"2debefc\" data-element_type=\"widget\" data-e-type=\"widget\" data-widget_type=\"heading.default\">\n\t\t\t\t<div class=\"elementor-widget-container\">\n\t\t\t\t\t<h2 class=\"elementor-heading-title elementor-size-default\">CONT\u00c1CTANOS<\/h2>\t\t\t\t<\/div>\n\t\t\t\t<\/div>\n\t\t\t\t<div class=\"elementor-element elementor-element-fb4fccb elementor-widget elementor-widget-heading\" data-id=\"fb4fccb\" data-element_type=\"widget\" data-e-type=\"widget\" data-widget_type=\"heading.default\">\n\t\t\t\t<div class=\"elementor-widget-container\">\n\t\t\t\t\t<p class=\"elementor-heading-title elementor-size-default\">Si quieres conocer en <mark>detalle <a href=\"https:\/\/www.pacificoresearch.com\/productos\/\">nuestro an\u00e1lisis<\/a>, solicita una muestra en el siguiente formulario\/mark&gt;.<\/p>\t\t\t\t<\/div>\n\t\t\t\t<\/div>\n\t\t\t\t<div class=\"elementor-element elementor-element-b9e77cd elementor-widget elementor-widget-image\" data-id=\"b9e77cd\" data-element_type=\"widget\" data-e-type=\"widget\" data-widget_type=\"image.default\">\n\t\t\t\t<div class=\"elementor-widget-container\">\n\t\t\t\t\t\t\t\t\t\t\t\t\t\t\t<img fetchpriority=\"high\" decoding=\"async\" width=\"517\" height=\"241\" src=\"https:\/\/www.pacificoresearch.com\/wp-content\/uploads\/2020\/12\/demo.svg\" class=\"attachment-full size-full wp-image-1410\" alt=\"curva\" \/>\t\t\t\t\t\t\t\t\t\t\t\t\t\t\t<\/div>\n\t\t\t\t<\/div>\n\t\t\t\t\t<\/div>\n\t\t<\/div>\n\t\t\t\t<div class=\"elementor-column elementor-col-50 elementor-inner-column elementor-element elementor-element-b29e53e\" data-id=\"b29e53e\" data-element_type=\"column\" data-e-type=\"column\">\n\t\t\t<div class=\"elementor-widget-wrap elementor-element-populated\">\n\t\t\t\t\t\t<div class=\"elementor-element elementor-element-a278bd5 elementor-button-align-stretch elementor-widget elementor-widget-form\" data-id=\"a278bd5\" data-element_type=\"widget\" data-e-type=\"widget\" data-settings=\"{&quot;button_width&quot;:&quot;33&quot;,&quot;step_next_label&quot;:&quot;Next&quot;,&quot;step_previous_label&quot;:&quot;Previous&quot;,&quot;step_type&quot;:&quot;number_text&quot;,&quot;step_icon_shape&quot;:&quot;circle&quot;}\" data-widget_type=\"form.default\">\n\t\t\t\t<div class=\"elementor-widget-container\">\n\t\t\t\t\t\t\t<form class=\"elementor-form\" method=\"post\" id=\"Formulario\" name=\"Formulario\" aria-label=\"Formulario\">\n\t\t\t<input type=\"hidden\" name=\"post_id\" value=\"1372\"\/>\n\t\t\t<input type=\"hidden\" name=\"form_id\" value=\"a278bd5\"\/>\n\t\t\t<input type=\"hidden\" name=\"referer_title\" value=\"Pacifico Research\" \/>\n\n\t\t\t\n\t\t\t<div class=\"elementor-form-fields-wrapper elementor-labels-\">\n\t\t\t\t\t\t\t\t<div class=\"elementor-field-type-text elementor-field-group elementor-column elementor-field-group-name elementor-col-100 elementor-field-required\">\n\t\t\t\t\t\t\t\t\t\t\t\t\t<input size=\"1\" type=\"text\" name=\"form_fields[name]\" id=\"form-field-name\" class=\"elementor-field elementor-size-sm  elementor-field-textual\" placeholder=\"Nombre\" required=\"required\">\n\t\t\t\t\t\t\t\t\t\t\t<\/div>\n\t\t\t\t\t\t\t\t<div class=\"elementor-field-type-text elementor-field-group elementor-column elementor-field-group-field_f34be1a elementor-col-100 elementor-field-required\">\n\t\t\t\t\t\t\t\t\t\t\t\t\t<input size=\"1\" type=\"text\" name=\"form_fields[field_f34be1a]\" id=\"form-field-field_f34be1a\" class=\"elementor-field elementor-size-sm  elementor-field-textual\" placeholder=\"Apellido\" required=\"required\">\n\t\t\t\t\t\t\t\t\t\t\t<\/div>\n\t\t\t\t\t\t\t\t<div class=\"elementor-field-type-text elementor-field-group elementor-column elementor-field-group-field_b90e935 elementor-col-100 elementor-field-required\">\n\t\t\t\t\t\t\t\t\t\t\t\t\t<input size=\"1\" type=\"text\" name=\"form_fields[field_b90e935]\" id=\"form-field-field_b90e935\" class=\"elementor-field elementor-size-sm  elementor-field-textual\" placeholder=\"Instituci\u00f3n\" required=\"required\">\n\t\t\t\t\t\t\t\t\t\t\t<\/div>\n\t\t\t\t\t\t\t\t<div class=\"elementor-field-type-text elementor-field-group elementor-column elementor-field-group-field_0139839 elementor-col-100 elementor-field-required\">\n\t\t\t\t\t\t\t\t\t\t\t\t\t<input size=\"1\" type=\"text\" name=\"form_fields[field_0139839]\" id=\"form-field-field_0139839\" class=\"elementor-field elementor-size-sm  elementor-field-textual\" placeholder=\"Cargo\" required=\"required\">\n\t\t\t\t\t\t\t\t\t\t\t<\/div>\n\t\t\t\t\t\t\t\t<div class=\"elementor-field-type-select elementor-field-group elementor-column elementor-field-group-field_ab870ac elementor-col-100 elementor-field-required\">\n\t\t\t\t\t\t\t<div class=\"elementor-field elementor-select-wrapper remove-before \">\n\t\t\t<div class=\"select-caret-down-wrapper\">\n\t\t\t\t<i aria-hidden=\"true\" class=\"eicon-caret-down\"><\/i>\t\t\t<\/div>\n\t\t\t<select name=\"form_fields[field_ab870ac]\" id=\"form-field-field_ab870ac\" class=\"elementor-field-textual elementor-size-sm\" required=\"required\">\n\t\t\t\t\t\t\t\t\t<option value=\"Mercado de Inter\u00e9s\">Mercado de Inter\u00e9s<\/option>\n\t\t\t\t\t\t\t\t\t<option value=\"Chile\" selected=\"selected\">Chile<\/option>\n\t\t\t\t\t\t\t\t\t<option value=\"Colombia\">Colombia<\/option>\n\t\t\t\t\t\t\t\t\t<option value=\"M\u00e9xico\">M\u00e9xico<\/option>\n\t\t\t\t\t\t\t\t\t<option value=\"Per\u00fa\">Per\u00fa<\/option>\n\t\t\t\t\t\t\t<\/select>\n\t\t<\/div>\n\t\t\t\t\t\t<\/div>\n\t\t\t\t\t\t\t\t<div class=\"elementor-field-type-select elementor-field-group elementor-column elementor-field-group-field_2ed8516 elementor-col-100 elementor-field-required\">\n\t\t\t\t\t\t\t<div class=\"elementor-field elementor-select-wrapper remove-before \">\n\t\t\t<div class=\"select-caret-down-wrapper\">\n\t\t\t\t<i aria-hidden=\"true\" class=\"eicon-caret-down\"><\/i>\t\t\t<\/div>\n\t\t\t<select name=\"form_fields[field_2ed8516]\" id=\"form-field-field_2ed8516\" class=\"elementor-field-textual elementor-size-sm\" required=\"required\">\n\t\t\t\t\t\t\t\t\t<option value=\"An\u00e1lisis de Inter\u00e9s\">An\u00e1lisis de Inter\u00e9s<\/option>\n\t\t\t\t\t\t\t\t\t<option value=\"Reporte de tasas\" selected=\"selected\">Reporte de tasas<\/option>\n\t\t\t\t\t\t\t\t\t<option value=\"Reporte de inflaci\u00f3n\">Reporte de inflaci\u00f3n<\/option>\n\t\t\t\t\t\t\t\t\t<option value=\"An\u00e1lisis coyuntural\">An\u00e1lisis coyuntural<\/option>\n\t\t\t\t\t\t\t\t\t<option value=\"An\u00e1lisis pol\u00edtico\">An\u00e1lisis pol\u00edtico<\/option>\n\t\t\t\t\t\t\t\t\t<option value=\"Presentaciones macroecon\u00f3micas \">Presentaciones macroecon\u00f3micas <\/option>\n\t\t\t\t\t\t\t\t\t<option value=\"API\">API<\/option>\n\t\t\t\t\t\t\t<\/select>\n\t\t<\/div>\n\t\t\t\t\t\t<\/div>\n\t\t\t\t\t\t\t\t<div class=\"elementor-field-type-textarea elementor-field-group elementor-column elementor-field-group-field_7ed2d1e elementor-col-100\">\n\t\t\t\t\t<textarea class=\"elementor-field-textual elementor-field  elementor-size-sm\" name=\"form_fields[field_7ed2d1e]\" id=\"form-field-field_7ed2d1e\" rows=\"4\" placeholder=\"Mensaje\"><\/textarea>\t\t\t\t<\/div>\n\t\t\t\t\t\t\t\t<div class=\"elementor-field-type-email elementor-field-group elementor-column elementor-field-group-email elementor-col-100 elementor-field-required\">\n\t\t\t\t\t\t\t\t\t\t\t\t\t<input size=\"1\" type=\"email\" name=\"form_fields[email]\" id=\"form-field-email\" class=\"elementor-field elementor-size-sm  elementor-field-textual\" placeholder=\"Email\" required=\"required\">\n\t\t\t\t\t\t\t\t\t\t\t<\/div>\n\t\t\t\t\t\t\t\t<div class=\"elementor-field-type-telephone elementor-field-group elementor-column elementor-field-group-field_d9c5df7 elementor-col-100 elementor-field-required\">\n\t\t\t\t\t\t\t<input dir=\"ltr\" type=\"text\" name=\"change_name_field_d9c5df7\" id=\"form-field-field_d9c5df7\" class=\"elementor-field elementor-size-sm  elementor-field-telephone elementor-field-textual yee-ltr\" required=\"required\" data-pre=\"cl|co|pe|mx|br|ar|us|gb|sg\" data-excludeCountries=\"\" data-onlyct=\"\" data-defcountry=\"cl\" data-hide_flag=\"\" data-hide_code=\"\" data-validation=\"yes\" data-name=\"field_d9c5df7\" data-telephone_search=\"\" >\n\t\t<input onkeydown=\"return \/[0-9]|\\(|\\)|\\+|-|BACKSPACE\/i.test(event.key)\" type=\"hidden\" class=\"phone_check\" name=\"form_fields[field_d9c5df7_check]\" value=\"\" >\n\t\t\t\t\t\t<\/div>\n\t\t\t\t\t\t\t\t<div class=\"elementor-field-type-select elementor-field-group elementor-column elementor-field-group-field_3426798 elementor-col-100 elementor-field-required\">\n\t\t\t\t\t\t\t<div class=\"elementor-field elementor-select-wrapper remove-before \">\n\t\t\t<div class=\"select-caret-down-wrapper\">\n\t\t\t\t<i aria-hidden=\"true\" class=\"eicon-caret-down\"><\/i>\t\t\t<\/div>\n\t\t\t<select name=\"form_fields[field_3426798]\" id=\"form-field-field_3426798\" class=\"elementor-field-textual elementor-size-sm\" required=\"required\">\n\t\t\t\t\t\t\t\t\t<option value=\"\u00bfC\u00f3mo llegaste a nosotros?\">\u00bfC\u00f3mo llegaste a nosotros?<\/option>\n\t\t\t\t\t\t\t\t\t<option value=\"Google\">Google<\/option>\n\t\t\t\t\t\t\t\t\t<option value=\"LinkedIn\">LinkedIn<\/option>\n\t\t\t\t\t\t\t\t\t<option value=\"Escuch\u00e9 su podcast\">Escuch\u00e9 su podcast<\/option>\n\t\t\t\t\t\t\t\t\t<option value=\"Recomendaci\u00f3n de un conocido\">Recomendaci\u00f3n de un conocido<\/option>\n\t\t\t\t\t\t\t\t\t<option value=\"Otros\">Otros<\/option>\n\t\t\t\t\t\t\t<\/select>\n\t\t<\/div>\n\t\t\t\t\t\t<\/div>\n\t\t\t\t\t\t\t\t<div class=\"elementor-field-type-recaptcha_v3 elementor-field-group elementor-column elementor-field-group-field_f39c1c3 elementor-col-100 recaptcha_v3-bottomright\">\n\t\t\t\t\t<div class=\"elementor-field\" id=\"form-field-field_f39c1c3\"><div class=\"elementor-g-recaptcha\" data-sitekey=\"6Lcc_qohAAAAAH2niage1LE8knJFPRcjOma8_9hn\" data-type=\"v3\" data-action=\"Form\" data-badge=\"bottomright\" data-size=\"invisible\"><\/div><\/div>\t\t\t\t<\/div>\n\t\t\t\t\t\t\t\t<div class=\"elementor-field-group elementor-column elementor-field-type-submit elementor-col-33 e-form__buttons\">\n\t\t\t\t\t<button class=\"elementor-button elementor-size-sm\" type=\"submit\" id=\"boton1\">\n\t\t\t\t\t\t<span class=\"elementor-button-content-wrapper\">\n\t\t\t\t\t\t\t\t\t\t\t\t\t\t\t\t\t\t\t\t\t\t<span class=\"elementor-button-text\">Solicitar<\/span>\n\t\t\t\t\t\t\t\t\t\t\t\t\t<\/span>\n\t\t\t\t\t<\/button>\n\t\t\t\t<\/div>\n\t\t\t<\/div>\n\t\t<\/form>\n\t\t\t\t\t\t<\/div>\n\t\t\t\t<\/div>\n\t\t\t\t\t<\/div>\n\t\t<\/div>\n\t\t\t\t\t<\/div>\n\t\t<\/section>\n\t\t\t\t\t<\/div>\n\t\t<\/div>\n\t\t\t\t\t<\/div>\n\t\t<\/section>\n\t\t\t\t<\/div>\n\t\t","protected":false},"excerpt":{"rendered":"","protected":false},"author":1,"featured_media":0,"parent":0,"menu_order":0,"comment_status":"closed","ping_status":"closed","template":"","meta":{"_acf_changed":false,"footnotes":""},"class_list":["post-1372","page","type-page","status-publish","hentry"],"acf":[],"yoast_head":"<!-- This site is optimized with the Yoast SEO plugin v26.9 - https:\/\/yoast.com\/product\/yoast-seo-wordpress\/ -->\n<title>Conoce Nuestro An\u00e1lisis &#183; Pacifico Research<\/title>\n<meta name=\"description\" content=\"Si quieres conocer m\u00e1s detalles, solicita una demo de nuestro an\u00e1lisis macroecon\u00f3mico y podr\u00e1s descubrir m\u00e1s de Pac\u00edfico Research.\" \/>\n<meta name=\"robots\" content=\"index, follow, max-snippet:-1, max-image-preview:large, max-video-preview:-1\" \/>\n<link rel=\"canonical\" href=\"https:\/\/www.pacificoresearch.com\/en\/conoce-nuestro-analisis-macroeconomico\/\" \/>\n<meta property=\"og:locale\" content=\"en_US\" \/>\n<meta property=\"og:type\" content=\"article\" \/>\n<meta property=\"og:title\" content=\"Conoce Nuestro An\u00e1lisis &#183; Pacifico Research\" \/>\n<meta property=\"og:description\" content=\"Si quieres conocer m\u00e1s detalles, solicita una demo de nuestro an\u00e1lisis macroecon\u00f3mico y podr\u00e1s descubrir m\u00e1s de Pac\u00edfico Research.\" \/>\n<meta property=\"og:url\" content=\"https:\/\/www.pacificoresearch.com\/en\/conoce-nuestro-analisis-macroeconomico\/\" \/>\n<meta property=\"og:site_name\" content=\"Pacifico Research\" \/>\n<meta property=\"article:modified_time\" content=\"2024-11-13T22:10:17+00:00\" \/>\n<meta name=\"twitter:card\" content=\"summary_large_image\" \/>\n<meta name=\"twitter:label1\" content=\"Est. reading time\" \/>\n\t<meta name=\"twitter:data1\" content=\"1 minute\" \/>\n<script type=\"application\/ld+json\" class=\"yoast-schema-graph\">{\"@context\":\"https:\/\/schema.org\",\"@graph\":[{\"@type\":\"WebPage\",\"@id\":\"https:\/\/www.pacificoresearch.com\/en\/conoce-nuestro-analisis-macroeconomico\/\",\"url\":\"https:\/\/www.pacificoresearch.com\/en\/conoce-nuestro-analisis-macroeconomico\/\",\"name\":\"Conoce Nuestro An\u00e1lisis &#183; Pacifico Research\",\"isPartOf\":{\"@id\":\"https:\/\/34.222.143.249\/#website\"},\"datePublished\":\"2020-12-29T17:48:52+00:00\",\"dateModified\":\"2024-11-13T22:10:17+00:00\",\"description\":\"Si quieres conocer m\u00e1s detalles, solicita una demo de nuestro an\u00e1lisis macroecon\u00f3mico y podr\u00e1s descubrir m\u00e1s de Pac\u00edfico Research.\",\"breadcrumb\":{\"@id\":\"https:\/\/www.pacificoresearch.com\/en\/conoce-nuestro-analisis-macroeconomico\/#breadcrumb\"},\"inLanguage\":\"en-US\",\"potentialAction\":[{\"@type\":\"ReadAction\",\"target\":[\"https:\/\/www.pacificoresearch.com\/en\/conoce-nuestro-analisis-macroeconomico\/\"]}]},{\"@type\":\"BreadcrumbList\",\"@id\":\"https:\/\/www.pacificoresearch.com\/en\/conoce-nuestro-analisis-macroeconomico\/#breadcrumb\",\"itemListElement\":[{\"@type\":\"ListItem\",\"position\":1,\"name\":\"Portada\",\"item\":\"https:\/\/34.222.143.249\/\"},{\"@type\":\"ListItem\",\"position\":2,\"name\":\"Conoce Nuestro An\u00e1lisis\"}]},{\"@type\":\"WebSite\",\"@id\":\"https:\/\/34.222.143.249\/#website\",\"url\":\"https:\/\/34.222.143.249\/\",\"name\":\"Pacifico Research\",\"description\":\"Hacemos an\u00e1lisis de coyuntura de los principales datos y eventos macroecon\u00f3micos\",\"publisher\":{\"@id\":\"https:\/\/34.222.143.249\/#organization\"},\"potentialAction\":[{\"@type\":\"SearchAction\",\"target\":{\"@type\":\"EntryPoint\",\"urlTemplate\":\"https:\/\/34.222.143.249\/?s={search_term_string}\"},\"query-input\":{\"@type\":\"PropertyValueSpecification\",\"valueRequired\":true,\"valueName\":\"search_term_string\"}}],\"inLanguage\":\"en-US\"},{\"@type\":\"Organization\",\"@id\":\"https:\/\/34.222.143.249\/#organization\",\"name\":\"Pac\u00edfico Research\",\"url\":\"https:\/\/34.222.143.249\/\",\"logo\":{\"@type\":\"ImageObject\",\"inLanguage\":\"en-US\",\"@id\":\"https:\/\/34.222.143.249\/#\/schema\/logo\/image\/\",\"url\":\"http:\/\/52.40.128.194\/wp-content\/uploads\/2021\/02\/Logo-Pacifico-Research.jpg\",\"contentUrl\":\"http:\/\/52.40.128.194\/wp-content\/uploads\/2021\/02\/Logo-Pacifico-Research.jpg\",\"width\":1549,\"height\":685,\"caption\":\"Pac\u00edfico Research\"},\"image\":{\"@id\":\"https:\/\/34.222.143.249\/#\/schema\/logo\/image\/\"}}]}<\/script>\n<!-- \/ Yoast SEO plugin. -->","yoast_head_json":{"title":"Conoce Nuestro An\u00e1lisis &#183; Pacifico Research","description":"Si quieres conocer m\u00e1s detalles, solicita una demo de nuestro an\u00e1lisis macroecon\u00f3mico y podr\u00e1s descubrir m\u00e1s de Pac\u00edfico Research.","robots":{"index":"index","follow":"follow","max-snippet":"max-snippet:-1","max-image-preview":"max-image-preview:large","max-video-preview":"max-video-preview:-1"},"canonical":"https:\/\/www.pacificoresearch.com\/en\/conoce-nuestro-analisis-macroeconomico\/","og_locale":"en_US","og_type":"article","og_title":"Conoce Nuestro An\u00e1lisis &#183; Pacifico Research","og_description":"Si quieres conocer m\u00e1s detalles, solicita una demo de nuestro an\u00e1lisis macroecon\u00f3mico y podr\u00e1s descubrir m\u00e1s de Pac\u00edfico Research.","og_url":"https:\/\/www.pacificoresearch.com\/en\/conoce-nuestro-analisis-macroeconomico\/","og_site_name":"Pacifico Research","article_modified_time":"2024-11-13T22:10:17+00:00","twitter_card":"summary_large_image","twitter_misc":{"Est. reading time":"1 minute"},"schema":{"@context":"https:\/\/schema.org","@graph":[{"@type":"WebPage","@id":"https:\/\/www.pacificoresearch.com\/en\/conoce-nuestro-analisis-macroeconomico\/","url":"https:\/\/www.pacificoresearch.com\/en\/conoce-nuestro-analisis-macroeconomico\/","name":"Conoce Nuestro An\u00e1lisis &#183; Pacifico Research","isPartOf":{"@id":"https:\/\/34.222.143.249\/#website"},"datePublished":"2020-12-29T17:48:52+00:00","dateModified":"2024-11-13T22:10:17+00:00","description":"Si quieres conocer m\u00e1s detalles, solicita una demo de nuestro an\u00e1lisis macroecon\u00f3mico y podr\u00e1s descubrir m\u00e1s de Pac\u00edfico Research.","breadcrumb":{"@id":"https:\/\/www.pacificoresearch.com\/en\/conoce-nuestro-analisis-macroeconomico\/#breadcrumb"},"inLanguage":"en-US","potentialAction":[{"@type":"ReadAction","target":["https:\/\/www.pacificoresearch.com\/en\/conoce-nuestro-analisis-macroeconomico\/"]}]},{"@type":"BreadcrumbList","@id":"https:\/\/www.pacificoresearch.com\/en\/conoce-nuestro-analisis-macroeconomico\/#breadcrumb","itemListElement":[{"@type":"ListItem","position":1,"name":"Portada","item":"https:\/\/34.222.143.249\/"},{"@type":"ListItem","position":2,"name":"Conoce Nuestro An\u00e1lisis"}]},{"@type":"WebSite","@id":"https:\/\/34.222.143.249\/#website","url":"https:\/\/34.222.143.249\/","name":"Pacifico Research","description":"Hacemos an\u00e1lisis de coyuntura de los principales datos y eventos macroecon\u00f3micos","publisher":{"@id":"https:\/\/34.222.143.249\/#organization"},"potentialAction":[{"@type":"SearchAction","target":{"@type":"EntryPoint","urlTemplate":"https:\/\/34.222.143.249\/?s={search_term_string}"},"query-input":{"@type":"PropertyValueSpecification","valueRequired":true,"valueName":"search_term_string"}}],"inLanguage":"en-US"},{"@type":"Organization","@id":"https:\/\/34.222.143.249\/#organization","name":"Pac\u00edfico Research","url":"https:\/\/34.222.143.249\/","logo":{"@type":"ImageObject","inLanguage":"en-US","@id":"https:\/\/34.222.143.249\/#\/schema\/logo\/image\/","url":"http:\/\/52.40.128.194\/wp-content\/uploads\/2021\/02\/Logo-Pacifico-Research.jpg","contentUrl":"http:\/\/52.40.128.194\/wp-content\/uploads\/2021\/02\/Logo-Pacifico-Research.jpg","width":1549,"height":685,"caption":"Pac\u00edfico Research"},"image":{"@id":"https:\/\/34.222.143.249\/#\/schema\/logo\/image\/"}}]}},"_links":{"self":[{"href":"https:\/\/www.pacificoresearch.com\/en\/wp-json\/wp\/v2\/pages\/1372","targetHints":{"allow":["GET"]}}],"collection":[{"href":"https:\/\/www.pacificoresearch.com\/en\/wp-json\/wp\/v2\/pages"}],"about":[{"href":"https:\/\/www.pacificoresearch.com\/en\/wp-json\/wp\/v2\/types\/page"}],"author":[{"embeddable":true,"href":"https:\/\/www.pacificoresearch.com\/en\/wp-json\/wp\/v2\/users\/1"}],"replies":[{"embeddable":true,"href":"https:\/\/www.pacificoresearch.com\/en\/wp-json\/wp\/v2\/comments?post=1372"}],"version-history":[{"count":220,"href":"https:\/\/www.pacificoresearch.com\/en\/wp-json\/wp\/v2\/pages\/1372\/revisions"}],"predecessor-version":[{"id":11103,"href":"https:\/\/www.pacificoresearch.com\/en\/wp-json\/wp\/v2\/pages\/1372\/revisions\/11103"}],"wp:attachment":[{"href":"https:\/\/www.pacificoresearch.com\/en\/wp-json\/wp\/v2\/media?parent=1372"}],"curies":[{"name":"wp","href":"https:\/\/api.w.org\/{rel}","templated":true}]}}