{"id":10633,"date":"2024-08-20T01:22:37","date_gmt":"2024-08-20T05:22:37","guid":{"rendered":"https:\/\/www.pacificoresearch.com\/?page_id=10633"},"modified":"2024-08-20T01:27:17","modified_gmt":"2024-08-20T05:27:17","slug":"acuerdo-licencia","status":"publish","type":"page","link":"https:\/\/www.pacificoresearch.com\/en\/acuerdo-licencia\/","title":{"rendered":"ACUERDO DE LICENCIA DATA DE MERCADO"},"content":{"rendered":"<div data-elementor-type=\"wp-page\" data-elementor-id=\"10633\" class=\"elementor elementor-10633\" data-elementor-post-type=\"page\">\n\t\t\t\t\t\t<section class=\"elementor-section elementor-top-section elementor-element elementor-element-152762b elementor-section-boxed elementor-section-height-default elementor-section-height-default\" data-id=\"152762b\" data-element_type=\"section\" data-e-type=\"section\">\n\t\t\t\t\t\t<div class=\"elementor-container elementor-column-gap-default\">\n\t\t\t\t\t<div class=\"elementor-column elementor-col-100 elementor-top-column elementor-element elementor-element-1e77360\" data-id=\"1e77360\" data-element_type=\"column\" data-e-type=\"column\">\n\t\t\t<div class=\"elementor-widget-wrap elementor-element-populated\">\n\t\t\t\t\t\t<div class=\"elementor-element elementor-element-80c85cf elementor-widget elementor-widget-heading\" data-id=\"80c85cf\" data-element_type=\"widget\" data-e-type=\"widget\" data-widget_type=\"heading.default\">\n\t\t\t\t<div class=\"elementor-widget-container\">\n\t\t\t\t\t<h2 class=\"elementor-heading-title elementor-size-default\">ACUERDO DE LICENCIA DATA DE MERCADO\n<\/h2>\t\t\t\t<\/div>\n\t\t\t\t<\/div>\n\t\t\t\t<div class=\"elementor-element elementor-element-57e0c44 elementor-widget__width-initial elementor-widget elementor-widget-text-editor\" data-id=\"57e0c44\" data-element_type=\"widget\" data-e-type=\"widget\" data-widget_type=\"text-editor.default\">\n\t\t\t\t<div class=\"elementor-widget-container\">\n\t\t\t\t\t\t\t\t\t<p><strong>ACUERDO DE LICENCIA<\/strong><\/p><p>Al suscribir a nuestro correo de informe y datos<strong> (\u00abMaterial Licenciado\u00bb)<\/strong>, el destinatario <strong>(\u00abLicenciatario\u00bb)<\/strong> acepta los siguientes t\u00e9rminos:<\/p><p><strong>Uso Permitido:<\/strong> El Licenciatario puede usar el Material Licenciado s\u00f3lo para fines internos dentro de su organizaci\u00f3n.<\/p><p><strong>Restricciones:<\/strong> El Licenciatario no puede revender, redistribuir, publicar, ni compartir el Material Licenciado con terceros sin el consentimiento previo por escrito del Licenciante.<\/p><p><strong>Pago por Usos Adicionales:<\/strong> Para cualquier uso del Material Licenciado que exceda los t\u00e9rminos de este acuerdo, el Licenciatario debe obtener una autorizaci\u00f3n por escrito del Licenciante y pagar las tarifas correspondientes.<\/p><p><strong>Sin Garant\u00eda de Nivel de Servicio:<\/strong> El Material Licenciado se proporciona \u00abtal cual\u00bb, sin garant\u00edas de ning\u00fan tipo, incluidas, entre otras, la precisi\u00f3n, integridad o idoneidad para un prop\u00f3sito particular.<\/p><p><strong>Terminaci\u00f3n:<\/strong> El Licenciante se reserva el derecho de terminar este acuerdo en cualquier momento.<\/p><p>Para resolver cualquier duda al respecto escr\u00edbanos a nuestro <span style=\"text-decoration: underline;\"><a href=\"https:\/\/www.pacificoresearch.com\/en\/conoce-nuestro-analisis-macroeconomico\/\" target=\"_blank\" rel=\"noopener\">formulario de contact<span style=\"font-size: 1.05em; color: var( --e-global-color-text ); text-decoration: underline;\">o<\/span><\/a><\/span><\/p><p>\u00a0<\/p>\t\t\t\t\t\t\t\t<\/div>\n\t\t\t\t<\/div>\n\t\t\t\t\t<\/div>\n\t\t<\/div>\n\t\t\t\t\t<\/div>\n\t\t<\/section>\n\t\t\t\t<\/div>","protected":false},"excerpt":{"rendered":"<p>ACUERDO DE LICENCIA DATA DE MERCADO ACUERDO DE LICENCIA Al suscribir a nuestro correo de informe y datos (\u00abMaterial Licenciado\u00bb), el destinatario (\u00abLicenciatario\u00bb) acepta los siguientes t\u00e9rminos: Uso Permitido: El Licenciatario puede usar el Material Licenciado s\u00f3lo para fines internos dentro de su organizaci\u00f3n. Restricciones: El Licenciatario no puede revender, redistribuir, publicar, ni compartir el [&hellip;]<\/p>\n","protected":false},"author":1,"featured_media":0,"parent":0,"menu_order":0,"comment_status":"closed","ping_status":"closed","template":"","meta":{"_acf_changed":false,"footnotes":""},"class_list":["post-10633","page","type-page","status-publish","hentry"],"acf":[],"yoast_head":"<!-- This site is optimized with the Yoast SEO plugin v26.9 - https:\/\/yoast.com\/product\/yoast-seo-wordpress\/ -->\n<title>ACUERDO DE LICENCIA DATA DE MERCADO &#183; Pacifico Research<\/title>\n<meta name=\"description\" content=\"Nuestra principal premisa es que la combinaci\u00f3n de un enfoque cient\u00edfico y el juicio de expertos es la mejor manera de contribuir a generar retornos y comprender los riesgos.\" \/>\n<meta name=\"robots\" content=\"index, follow, max-snippet:-1, max-image-preview:large, max-video-preview:-1\" \/>\n<link rel=\"canonical\" href=\"https:\/\/www.pacificoresearch.com\/en\/acuerdo-licencia\/\" \/>\n<meta property=\"og:locale\" content=\"en_US\" \/>\n<meta property=\"og:type\" content=\"article\" \/>\n<meta property=\"og:title\" content=\"ACUERDO DE LICENCIA DATA DE MERCADO &#183; Pacifico Research\" \/>\n<meta property=\"og:description\" content=\"Nuestra principal premisa es que la combinaci\u00f3n de un enfoque cient\u00edfico y el juicio de expertos es la mejor manera de contribuir a generar retornos y comprender los riesgos.\" \/>\n<meta property=\"og:url\" content=\"https:\/\/www.pacificoresearch.com\/en\/acuerdo-licencia\/\" \/>\n<meta property=\"og:site_name\" content=\"Pacifico Research\" \/>\n<meta property=\"article:modified_time\" content=\"2024-08-20T05:27:17+00:00\" \/>\n<meta name=\"twitter:card\" content=\"summary_large_image\" \/>\n<meta name=\"twitter:label1\" content=\"Est. reading time\" \/>\n\t<meta name=\"twitter:data1\" content=\"1 minute\" \/>\n<script type=\"application\/ld+json\" class=\"yoast-schema-graph\">{\"@context\":\"https:\/\/schema.org\",\"@graph\":[{\"@type\":\"WebPage\",\"@id\":\"https:\/\/www.pacificoresearch.com\/acuerdo-licencia\/\",\"url\":\"https:\/\/www.pacificoresearch.com\/acuerdo-licencia\/\",\"name\":\"ACUERDO DE LICENCIA DATA DE MERCADO &#183; Pacifico Research\",\"isPartOf\":{\"@id\":\"https:\/\/www.pacificoresearch.com\/#website\"},\"datePublished\":\"2024-08-20T05:22:37+00:00\",\"dateModified\":\"2024-08-20T05:27:17+00:00\",\"description\":\"Nuestra principal premisa es que la combinaci\u00f3n de un enfoque cient\u00edfico y el juicio de expertos es la mejor manera de contribuir a generar retornos y comprender los riesgos.\",\"breadcrumb\":{\"@id\":\"https:\/\/www.pacificoresearch.com\/acuerdo-licencia\/#breadcrumb\"},\"inLanguage\":\"en-US\",\"potentialAction\":[{\"@type\":\"ReadAction\",\"target\":[\"https:\/\/www.pacificoresearch.com\/acuerdo-licencia\/\"]}]},{\"@type\":\"BreadcrumbList\",\"@id\":\"https:\/\/www.pacificoresearch.com\/acuerdo-licencia\/#breadcrumb\",\"itemListElement\":[{\"@type\":\"ListItem\",\"position\":1,\"name\":\"Portada\",\"item\":\"https:\/\/www.pacificoresearch.com\/\"},{\"@type\":\"ListItem\",\"position\":2,\"name\":\"ACUERDO DE LICENCIA DATA DE MERCADO\"}]},{\"@type\":\"WebSite\",\"@id\":\"https:\/\/www.pacificoresearch.com\/#website\",\"url\":\"https:\/\/www.pacificoresearch.com\/\",\"name\":\"Pacifico Research\",\"description\":\"Hacemos an\u00e1lisis de coyuntura de los principales datos y eventos macroecon\u00f3micos\",\"publisher\":{\"@id\":\"https:\/\/www.pacificoresearch.com\/#organization\"},\"potentialAction\":[{\"@type\":\"SearchAction\",\"target\":{\"@type\":\"EntryPoint\",\"urlTemplate\":\"https:\/\/www.pacificoresearch.com\/?s={search_term_string}\"},\"query-input\":{\"@type\":\"PropertyValueSpecification\",\"valueRequired\":true,\"valueName\":\"search_term_string\"}}],\"inLanguage\":\"en-US\"},{\"@type\":\"Organization\",\"@id\":\"https:\/\/www.pacificoresearch.com\/#organization\",\"name\":\"Pac\u00edfico Research\",\"url\":\"https:\/\/www.pacificoresearch.com\/\",\"logo\":{\"@type\":\"ImageObject\",\"inLanguage\":\"en-US\",\"@id\":\"https:\/\/www.pacificoresearch.com\/#\/schema\/logo\/image\/\",\"url\":\"http:\/\/52.40.128.194\/wp-content\/uploads\/2021\/02\/Logo-Pacifico-Research.jpg\",\"contentUrl\":\"http:\/\/52.40.128.194\/wp-content\/uploads\/2021\/02\/Logo-Pacifico-Research.jpg\",\"width\":1549,\"height\":685,\"caption\":\"Pac\u00edfico Research\"},\"image\":{\"@id\":\"https:\/\/www.pacificoresearch.com\/#\/schema\/logo\/image\/\"}}]}<\/script>\n<!-- \/ Yoast SEO plugin. -->","yoast_head_json":{"title":"ACUERDO DE LICENCIA DATA DE MERCADO &#183; Pacifico Research","description":"Nuestra principal premisa es que la combinaci\u00f3n de un enfoque cient\u00edfico y el juicio de expertos es la mejor manera de contribuir a generar retornos y comprender los riesgos.","robots":{"index":"index","follow":"follow","max-snippet":"max-snippet:-1","max-image-preview":"max-image-preview:large","max-video-preview":"max-video-preview:-1"},"canonical":"https:\/\/www.pacificoresearch.com\/en\/acuerdo-licencia\/","og_locale":"en_US","og_type":"article","og_title":"ACUERDO DE LICENCIA DATA DE MERCADO &#183; Pacifico Research","og_description":"Nuestra principal premisa es que la combinaci\u00f3n de un enfoque cient\u00edfico y el juicio de expertos es la mejor manera de contribuir a generar retornos y comprender los riesgos.","og_url":"https:\/\/www.pacificoresearch.com\/en\/acuerdo-licencia\/","og_site_name":"Pacifico Research","article_modified_time":"2024-08-20T05:27:17+00:00","twitter_card":"summary_large_image","twitter_misc":{"Est. reading time":"1 minute"},"schema":{"@context":"https:\/\/schema.org","@graph":[{"@type":"WebPage","@id":"https:\/\/www.pacificoresearch.com\/acuerdo-licencia\/","url":"https:\/\/www.pacificoresearch.com\/acuerdo-licencia\/","name":"ACUERDO DE LICENCIA DATA DE MERCADO &#183; Pacifico Research","isPartOf":{"@id":"https:\/\/www.pacificoresearch.com\/#website"},"datePublished":"2024-08-20T05:22:37+00:00","dateModified":"2024-08-20T05:27:17+00:00","description":"Nuestra principal premisa es que la combinaci\u00f3n de un enfoque cient\u00edfico y el juicio de expertos es la mejor manera de contribuir a generar retornos y comprender los riesgos.","breadcrumb":{"@id":"https:\/\/www.pacificoresearch.com\/acuerdo-licencia\/#breadcrumb"},"inLanguage":"en-US","potentialAction":[{"@type":"ReadAction","target":["https:\/\/www.pacificoresearch.com\/acuerdo-licencia\/"]}]},{"@type":"BreadcrumbList","@id":"https:\/\/www.pacificoresearch.com\/acuerdo-licencia\/#breadcrumb","itemListElement":[{"@type":"ListItem","position":1,"name":"Portada","item":"https:\/\/www.pacificoresearch.com\/"},{"@type":"ListItem","position":2,"name":"ACUERDO DE LICENCIA DATA DE MERCADO"}]},{"@type":"WebSite","@id":"https:\/\/www.pacificoresearch.com\/#website","url":"https:\/\/www.pacificoresearch.com\/","name":"Pacifico Research","description":"Hacemos an\u00e1lisis de coyuntura de los principales datos y eventos macroecon\u00f3micos","publisher":{"@id":"https:\/\/www.pacificoresearch.com\/#organization"},"potentialAction":[{"@type":"SearchAction","target":{"@type":"EntryPoint","urlTemplate":"https:\/\/www.pacificoresearch.com\/?s={search_term_string}"},"query-input":{"@type":"PropertyValueSpecification","valueRequired":true,"valueName":"search_term_string"}}],"inLanguage":"en-US"},{"@type":"Organization","@id":"https:\/\/www.pacificoresearch.com\/#organization","name":"Pac\u00edfico Research","url":"https:\/\/www.pacificoresearch.com\/","logo":{"@type":"ImageObject","inLanguage":"en-US","@id":"https:\/\/www.pacificoresearch.com\/#\/schema\/logo\/image\/","url":"http:\/\/52.40.128.194\/wp-content\/uploads\/2021\/02\/Logo-Pacifico-Research.jpg","contentUrl":"http:\/\/52.40.128.194\/wp-content\/uploads\/2021\/02\/Logo-Pacifico-Research.jpg","width":1549,"height":685,"caption":"Pac\u00edfico Research"},"image":{"@id":"https:\/\/www.pacificoresearch.com\/#\/schema\/logo\/image\/"}}]}},"_links":{"self":[{"href":"https:\/\/www.pacificoresearch.com\/en\/wp-json\/wp\/v2\/pages\/10633","targetHints":{"allow":["GET"]}}],"collection":[{"href":"https:\/\/www.pacificoresearch.com\/en\/wp-json\/wp\/v2\/pages"}],"about":[{"href":"https:\/\/www.pacificoresearch.com\/en\/wp-json\/wp\/v2\/types\/page"}],"author":[{"embeddable":true,"href":"https:\/\/www.pacificoresearch.com\/en\/wp-json\/wp\/v2\/users\/1"}],"replies":[{"embeddable":true,"href":"https:\/\/www.pacificoresearch.com\/en\/wp-json\/wp\/v2\/comments?post=10633"}],"version-history":[{"count":4,"href":"https:\/\/www.pacificoresearch.com\/en\/wp-json\/wp\/v2\/pages\/10633\/revisions"}],"predecessor-version":[{"id":10637,"href":"https:\/\/www.pacificoresearch.com\/en\/wp-json\/wp\/v2\/pages\/10633\/revisions\/10637"}],"wp:attachment":[{"href":"https:\/\/www.pacificoresearch.com\/en\/wp-json\/wp\/v2\/media?parent=10633"}],"curies":[{"name":"wp","href":"https:\/\/api.w.org\/{rel}","templated":true}]}}